{"id":515,"date":"2025-02-24T10:30:44","date_gmt":"2025-02-24T10:30:44","guid":{"rendered":"https:\/\/marszczefreda.pl\/?page_id=515"},"modified":"2025-02-24T10:33:47","modified_gmt":"2025-02-24T10:33:47","slug":"nasi-autorzy","status":"publish","type":"page","link":"https:\/\/marszczefreda.pl\/ro\/nasi-autorzy\/","title":{"rendered":"Autorii no\u0219tri"},"content":{"rendered":"","protected":false},"excerpt":{"rendered":"","protected":false},"author":1,"featured_media":0,"parent":0,"menu_order":0,"comment_status":"closed","ping_status":"closed","template":"","meta":{"_acf_changed":false,"footnotes":""},"class_list":["post-515","page","type-page","status-publish","hentry"],"acf":[],"yoast_head":"<!-- This site is optimized with the Yoast SEO plugin v23.2 - https:\/\/yoast.com\/wordpress\/plugins\/seo\/ -->\n<title>Nasi autorzy - marszczefreda.pl<\/title>\n<meta name=\"description\" content=\"Nasi autorzy to pasjonaci mody, kt\u00f3rzy dziel\u0105 si\u0119 trendami, poradami stylizacyjnymi i inspiracjami na ka\u017cdy sezon.\" \/>\n<meta name=\"robots\" content=\"index, follow, max-snippet:-1, max-image-preview:large, max-video-preview:-1\" \/>\n<link rel=\"canonical\" href=\"https:\/\/marszczefreda.pl\/ro\/nasi-autorzy\/\" \/>\n<meta property=\"og:locale\" content=\"ro_RO\" \/>\n<meta property=\"og:type\" content=\"article\" \/>\n<meta property=\"og:title\" content=\"Nasi autorzy - marszczefreda.pl\" \/>\n<meta property=\"og:description\" content=\"Nasi autorzy to pasjonaci mody, kt\u00f3rzy dziel\u0105 si\u0119 trendami, poradami stylizacyjnymi i inspiracjami na ka\u017cdy sezon.\" \/>\n<meta property=\"og:url\" content=\"https:\/\/marszczefreda.pl\/ro\/nasi-autorzy\/\" \/>\n<meta property=\"og:site_name\" content=\"marszczefreda.pl\" \/>\n<meta property=\"article:modified_time\" content=\"2025-02-24T10:33:47+00:00\" \/>\n<meta name=\"twitter:card\" content=\"summary_large_image\" \/>\n<meta name=\"twitter:label1\" content=\"Timp estimat pentru citire\" \/>\n\t<meta name=\"twitter:data1\" content=\"1 minut\" \/>\n<script type=\"application\/ld+json\" class=\"yoast-schema-graph\">{\"@context\":\"https:\/\/schema.org\",\"@graph\":[{\"@type\":\"WebPage\",\"@id\":\"https:\/\/marszczefreda.pl\/nasi-autorzy\/\",\"url\":\"https:\/\/marszczefreda.pl\/nasi-autorzy\/\",\"name\":\"Nasi autorzy - marszczefreda.pl\",\"isPartOf\":{\"@id\":\"https:\/\/marszczefreda.pl\/#website\"},\"datePublished\":\"2025-02-24T10:30:44+00:00\",\"dateModified\":\"2025-02-24T10:33:47+00:00\",\"description\":\"Nasi autorzy to pasjonaci mody, kt\u00f3rzy dziel\u0105 si\u0119 trendami, poradami stylizacyjnymi i inspiracjami na ka\u017cdy sezon.\",\"breadcrumb\":{\"@id\":\"https:\/\/marszczefreda.pl\/nasi-autorzy\/#breadcrumb\"},\"inLanguage\":\"ro-RO\",\"potentialAction\":[{\"@type\":\"ReadAction\",\"target\":[\"https:\/\/marszczefreda.pl\/nasi-autorzy\/\"]}]},{\"@type\":\"BreadcrumbList\",\"@id\":\"https:\/\/marszczefreda.pl\/nasi-autorzy\/#breadcrumb\",\"itemListElement\":[{\"@type\":\"ListItem\",\"position\":1,\"name\":\"Home\",\"item\":\"https:\/\/marszczefreda.pl\/\"},{\"@type\":\"ListItem\",\"position\":2,\"name\":\"Nasi autorzy\"}]},{\"@type\":\"WebSite\",\"@id\":\"https:\/\/marszczefreda.pl\/#website\",\"url\":\"https:\/\/marszczefreda.pl\/\",\"name\":\"marszczefreda.pl\",\"description\":\"N\u00f3\u017c w kulturze ludowej: symbol \u017cycia, rzemios\u0142a i tradycji.\",\"potentialAction\":[{\"@type\":\"SearchAction\",\"target\":{\"@type\":\"EntryPoint\",\"urlTemplate\":\"https:\/\/marszczefreda.pl\/?s={search_term_string}\"},\"query-input\":\"required name=search_term_string\"}],\"inLanguage\":\"ro-RO\"}]}<\/script>\n<!-- \/ Yoast SEO plugin. -->","yoast_head_json":{"title":"Nasi autorzy - marszczefreda.pl","description":"Nasi autorzy to pasjonaci mody, kt\u00f3rzy dziel\u0105 si\u0119 trendami, poradami stylizacyjnymi i inspiracjami na ka\u017cdy sezon.","robots":{"index":"index","follow":"follow","max-snippet":"max-snippet:-1","max-image-preview":"max-image-preview:large","max-video-preview":"max-video-preview:-1"},"canonical":"https:\/\/marszczefreda.pl\/ro\/nasi-autorzy\/","og_locale":"ro_RO","og_type":"article","og_title":"Nasi autorzy - marszczefreda.pl","og_description":"Nasi autorzy to pasjonaci mody, kt\u00f3rzy dziel\u0105 si\u0119 trendami, poradami stylizacyjnymi i inspiracjami na ka\u017cdy sezon.","og_url":"https:\/\/marszczefreda.pl\/ro\/nasi-autorzy\/","og_site_name":"marszczefreda.pl","article_modified_time":"2025-02-24T10:33:47+00:00","twitter_card":"summary_large_image","twitter_misc":{"Timp estimat pentru citire":"1 minut"},"schema":{"@context":"https:\/\/schema.org","@graph":[{"@type":"WebPage","@id":"https:\/\/marszczefreda.pl\/nasi-autorzy\/","url":"https:\/\/marszczefreda.pl\/nasi-autorzy\/","name":"Nasi autorzy - marszczefreda.pl","isPartOf":{"@id":"https:\/\/marszczefreda.pl\/#website"},"datePublished":"2025-02-24T10:30:44+00:00","dateModified":"2025-02-24T10:33:47+00:00","description":"Nasi autorzy to pasjonaci mody, kt\u00f3rzy dziel\u0105 si\u0119 trendami, poradami stylizacyjnymi i inspiracjami na ka\u017cdy sezon.","breadcrumb":{"@id":"https:\/\/marszczefreda.pl\/nasi-autorzy\/#breadcrumb"},"inLanguage":"ro-RO","potentialAction":[{"@type":"ReadAction","target":["https:\/\/marszczefreda.pl\/nasi-autorzy\/"]}]},{"@type":"BreadcrumbList","@id":"https:\/\/marszczefreda.pl\/nasi-autorzy\/#breadcrumb","itemListElement":[{"@type":"ListItem","position":1,"name":"Home","item":"https:\/\/marszczefreda.pl\/"},{"@type":"ListItem","position":2,"name":"Nasi autorzy"}]},{"@type":"WebSite","@id":"https:\/\/marszczefreda.pl\/#website","url":"https:\/\/marszczefreda.pl\/","name":"marszczefreda.pl","description":"N\u00f3\u017c w kulturze ludowej: symbol \u017cycia, rzemios\u0142a i tradycji.","potentialAction":[{"@type":"SearchAction","target":{"@type":"EntryPoint","urlTemplate":"https:\/\/marszczefreda.pl\/?s={search_term_string}"},"query-input":"required name=search_term_string"}],"inLanguage":"ro-RO"}]}},"yoast_meta":{"yoast_wpseo_title":"","yoast_wpseo_metadesc":"","yoast_wpseo_canonical":"https:\/\/marszczefreda.pl\/ro\/wp-json\/wp\/v2\/pages\/515"},"_links":{"self":[{"href":"https:\/\/marszczefreda.pl\/ro\/wp-json\/wp\/v2\/pages\/515"}],"collection":[{"href":"https:\/\/marszczefreda.pl\/ro\/wp-json\/wp\/v2\/pages"}],"about":[{"href":"https:\/\/marszczefreda.pl\/ro\/wp-json\/wp\/v2\/types\/page"}],"author":[{"embeddable":true,"href":"https:\/\/marszczefreda.pl\/ro\/wp-json\/wp\/v2\/users\/1"}],"replies":[{"embeddable":true,"href":"https:\/\/marszczefreda.pl\/ro\/wp-json\/wp\/v2\/comments?post=515"}],"version-history":[{"count":2,"href":"https:\/\/marszczefreda.pl\/ro\/wp-json\/wp\/v2\/pages\/515\/revisions"}],"predecessor-version":[{"id":543,"href":"https:\/\/marszczefreda.pl\/ro\/wp-json\/wp\/v2\/pages\/515\/revisions\/543"}],"wp:attachment":[{"href":"https:\/\/marszczefreda.pl\/ro\/wp-json\/wp\/v2\/media?parent=515"}],"curies":[{"name":"wp","href":"https:\/\/api.w.org\/{rel}","templated":true}]}}